{"id":2,"date":"2026-01-20T14:13:57","date_gmt":"2026-01-20T14:13:57","guid":{"rendered":"https:\/\/fruterialaperalimonera.rkinformatika.online\/?page_id=2"},"modified":"2026-01-21T11:11:24","modified_gmt":"2026-01-21T11:11:24","slug":"inicio","status":"publish","type":"page","link":"https:\/\/fruterialaperalimonera.es\/en\/","title":{"rendered":"Home"},"content":{"rendered":"<div data-elementor-type=\"wp-page\" data-elementor-id=\"2\" class=\"elementor elementor-2\" data-elementor-post-type=\"page\">\n\t\t\t\t<div class=\"elementor-element elementor-element-c5a8225 e-flex e-con-boxed e-con e-parent\" data-id=\"c5a8225\" data-element_type=\"container\" data-e-type=\"container\" data-settings=\"{&quot;background_background&quot;:&quot;classic&quot;}\">\n\t\t\t\t\t<div class=\"e-con-inner\">\n\t\t\t\t<div class=\"elementor-element elementor-element-ad3c086 elementor-invisible elementor-widget elementor-widget-heading\" data-id=\"ad3c086\" data-element_type=\"widget\" data-e-type=\"widget\" data-settings=\"{&quot;_animation&quot;:&quot;fadeInLeft&quot;}\" data-widget_type=\"heading.default\">\n\t\t\t\t\t<h2 class=\"elementor-heading-title elementor-size-default\">Fresh fruit and vegetables<\/h2>\t\t\t\t<\/div>\n\t\t\t\t\t<\/div>\n\t\t\t\t<\/div>\n\t\t<div class=\"elementor-element elementor-element-4d181a8 e-flex e-con-boxed e-con e-parent\" data-id=\"4d181a8\" data-element_type=\"container\" data-e-type=\"container\" data-settings=\"{&quot;background_background&quot;:&quot;classic&quot;}\">\n\t\t\t\t\t<div class=\"e-con-inner\">\n\t\t<div class=\"elementor-element elementor-element-91a5ad7 e-con-full e-flex e-con e-child\" data-id=\"91a5ad7\" data-element_type=\"container\" data-e-type=\"container\">\n\t\t\t\t<div class=\"elementor-element elementor-element-5563e51 elementor-widget elementor-widget-heading\" data-id=\"5563e51\" data-element_type=\"widget\" data-e-type=\"widget\" data-widget_type=\"heading.default\">\n\t\t\t\t\t<h2 class=\"elementor-heading-title elementor-size-default\">About Us<\/h2>\t\t\t\t<\/div>\n\t\t\t\t<div class=\"elementor-element elementor-element-be54c8f elementor-widget elementor-widget-text-editor\" data-id=\"be54c8f\" data-element_type=\"widget\" data-e-type=\"widget\" data-widget_type=\"text-editor.default\">\n\t\t\t\t\t\t\t\t\t<div class=\"Qr7Oae\" role=\"listitem\"><div class=\"OxAavc NVbRL\" data-required=\"true\" data-item-id=\"1218297843\"><div class=\"Ih4Dzb\"><div class=\"q4tvle JqSWld yqQS1\" tabindex=\"0\" role=\"textbox\" aria-label=\"Resumen de la historia de la empresa (tal y como va a aparecer en el sitio web).&lt;br&gt;Puedes hacer una breve descripci&oacute;n de tu empresa, de su historia e informaci&oacute;n que quieras compartir para presentarla.\" aria-disabled=\"true\">La Pera Limonera fruit shop was founded in 2017 as a small neighborhood store in Collado Villalba with a simple yet powerful idea: to offer fresh, high-quality fruit and vegetables, carefully selected each day and served with personalized attention. Over time, the business grew not only in terms of customers but also in its identity. The fruit shop began to stand out for its unique style, creative communication, and cheerful way of connecting with the community.<\/div><div tabindex=\"0\" role=\"textbox\" aria-label=\"Resumen de la historia de la empresa (tal y como va a aparecer en el sitio web).&lt;br&gt;Puedes hacer una breve descripci&oacute;n de tu empresa, de su historia e informaci&oacute;n que quieras compartir para presentarla.\" aria-disabled=\"true\">\u00a0<\/div><div class=\"q4tvle JqSWld yqQS1\" tabindex=\"0\" role=\"textbox\" aria-label=\"Resumen de la historia de la empresa (tal y como va a aparecer en el sitio web).&lt;br&gt;Puedes hacer una breve descripci&oacute;n de tu empresa, de su historia e informaci&oacute;n que quieras compartir para presentarla.\" aria-disabled=\"true\">Over the years, La Pera Limonera has become much more than just a fresh produce shop. It has developed a recognizable brand, with fun visual campaigns, positive messages, and an approach that blends tradition, humor, and modernity. Its story is that of a local business that evolves without losing its essence: quality, a personal touch, and a hint of creativity that makes it unique in the neighborhood.<\/div><\/div><\/div><\/div><div class=\"Qr7Oae\" role=\"listitem\"><div class=\"OxAavc NVbRL\" data-required=\"true\" data-item-id=\"1687655762\"><div class=\"pYfr3c\"><div class=\"prOLdf\"><div class=\"g53bl\"><div class=\"cTDvob D1wxyf RjsPE\" role=\"heading\" aria-level=\"3\" aria-describedby=\"i.desc.1687655762 c201\">\u00a0<\/div><\/div><\/div><\/div><\/div><\/div>\t\t\t\t\t\t\t\t<\/div>\n\t\t\t\t<\/div>\n\t\t<div class=\"elementor-element elementor-element-21ea8b9 e-con-full e-flex e-con e-child\" data-id=\"21ea8b9\" data-element_type=\"container\" data-e-type=\"container\">\n\t\t\t\t<div class=\"elementor-element elementor-element-1175c11 elementor-widget elementor-widget-image\" data-id=\"1175c11\" data-element_type=\"widget\" data-e-type=\"widget\" data-widget_type=\"image.default\">\n\t\t\t\t\t\t\t\t\t\t\t\t\t\t\t<img fetchpriority=\"high\" decoding=\"async\" width=\"1125\" height=\"1500\" src=\"https:\/\/fruterialaperalimonera.es\/wp-content\/uploads\/2026\/01\/4778096.jpg\" class=\"attachment-full size-full wp-image-155\" alt=\"\" srcset=\"https:\/\/fruterialaperalimonera.es\/wp-content\/uploads\/2026\/01\/4778096.jpg 1125w, https:\/\/fruterialaperalimonera.es\/wp-content\/uploads\/2026\/01\/4778096-225x300.jpg 225w, https:\/\/fruterialaperalimonera.es\/wp-content\/uploads\/2026\/01\/4778096-768x1024.jpg 768w, https:\/\/fruterialaperalimonera.es\/wp-content\/uploads\/2026\/01\/4778096-9x12.jpg 9w\" sizes=\"(max-width: 1125px) 100vw, 1125px\" \/>\t\t\t\t\t\t\t\t\t\t\t\t\t\t\t<\/div>\n\t\t\t\t<\/div>\n\t\t\t\t\t<\/div>\n\t\t\t\t<\/div>\n\t\t<div class=\"elementor-element elementor-element-59b5657 e-flex e-con-boxed e-con e-parent\" data-id=\"59b5657\" data-element_type=\"container\" data-e-type=\"container\" data-settings=\"{&quot;background_background&quot;:&quot;classic&quot;}\">\n\t\t\t\t\t<div class=\"e-con-inner\">\n\t\t\t\t<div class=\"elementor-element elementor-element-0acd8ae elementor-widget elementor-widget-heading\" data-id=\"0acd8ae\" data-element_type=\"widget\" data-e-type=\"widget\" data-widget_type=\"heading.default\">\n\t\t\t\t\t<h2 class=\"elementor-heading-title elementor-size-default\">Freshness and quality in every detail<\/h2>\t\t\t\t<\/div>\n\t\t\t\t<div class=\"elementor-element elementor-element-ffdf435 elementor-widget elementor-widget-text-editor\" data-id=\"ffdf435\" data-element_type=\"widget\" data-e-type=\"widget\" data-widget_type=\"text-editor.default\">\n\t\t\t\t\t\t\t\t\t<p>Direct from our suppliers<\/p>\t\t\t\t\t\t\t\t<\/div>\n\t\t\t\t<div class=\"elementor-element elementor-element-eae94c3 elementor-align-center elementor-widget elementor-widget-button\" data-id=\"eae94c3\" data-element_type=\"widget\" data-e-type=\"widget\" data-widget_type=\"button.default\">\n\t\t\t\t\t\t\t\t\t\t<a class=\"elementor-button elementor-button-link elementor-size-sm\" href=\"https:\/\/fruterialaperalimonera.es\/en\/productos\/\">\n\t\t\t\t\t\t<span class=\"elementor-button-content-wrapper\">\n\t\t\t\t\t\t\t\t\t<span class=\"elementor-button-text\">Products<\/span>\n\t\t\t\t\t<\/span>\n\t\t\t\t\t<\/a>\n\t\t\t\t\t\t\t\t<\/div>\n\t\t\t\t\t<\/div>\n\t\t\t\t<\/div>\n\t\t\t\t<\/div>","protected":false},"excerpt":{"rendered":"<p>Fruta y verdura fresca Sobre Nosotros Fruter\u00eda La Pera Limonera naci\u00f3 en 2017 como un peque\u00f1o comercio de barrio en Collado Villalba con una idea sencilla pero poderosa: ofrecer fruta y verdura fresca de calidad, seleccionada cada d\u00eda con cuidado y con un trato cercano. Con el tiempo, el negocio fue creciendo no solo en [&hellip;]<\/p>\n","protected":false},"author":1,"featured_media":0,"parent":0,"menu_order":0,"comment_status":"closed","ping_status":"closed","template":"elementor_canvas","meta":{"footnotes":""},"class_list":["post-2","page","type-page","status-publish","hentry"],"yoast_head":"<!-- This site is optimized with the Yoast SEO plugin v27.4 - https:\/\/yoast.com\/product\/yoast-seo-wordpress\/ -->\n<title>Inicio - Fruteria la Pera Limonera<\/title>\n<meta name=\"robots\" content=\"index, follow, max-snippet:-1, max-image-preview:large, max-video-preview:-1\" \/>\n<link rel=\"canonical\" href=\"https:\/\/fruterialaperalimonera.es\/en\/\" \/>\n<meta property=\"og:locale\" content=\"en_GB\" \/>\n<meta property=\"og:type\" content=\"article\" \/>\n<meta property=\"og:title\" content=\"Inicio - Fruteria la Pera Limonera\" \/>\n<meta property=\"og:description\" content=\"Fruta y verdura fresca Sobre Nosotros Fruter\u00eda La Pera Limonera naci\u00f3 en 2017 como un peque\u00f1o comercio de barrio en Collado Villalba con una idea sencilla pero poderosa: ofrecer fruta y verdura fresca de calidad, seleccionada cada d\u00eda con cuidado y con un trato cercano. Con el tiempo, el negocio fue creciendo no solo en [&hellip;]\" \/>\n<meta property=\"og:url\" content=\"https:\/\/fruterialaperalimonera.es\/en\/\" \/>\n<meta property=\"og:site_name\" content=\"Fruteria la Pera Limonera\" \/>\n<meta property=\"article:modified_time\" content=\"2026-01-21T11:11:24+00:00\" \/>\n<meta property=\"og:image\" content=\"https:\/\/fruterialaperalimonera.es\/wp-content\/uploads\/2026\/01\/4778096.jpg\" \/>\n<meta name=\"twitter:card\" content=\"summary_large_image\" \/>\n<meta name=\"twitter:label1\" content=\"Estimated reading time\" \/>\n\t<meta name=\"twitter:data1\" content=\"1 minute\" \/>\n<script type=\"application\/ld+json\" class=\"yoast-schema-graph\">{\"@context\":\"https:\\\/\\\/schema.org\",\"@graph\":[{\"@type\":\"WebPage\",\"@id\":\"https:\\\/\\\/fruterialaperalimonera.es\\\/\",\"url\":\"https:\\\/\\\/fruterialaperalimonera.es\\\/\",\"name\":\"Inicio - Fruteria la Pera Limonera\",\"isPartOf\":{\"@id\":\"https:\\\/\\\/fruterialaperalimonera.es\\\/#website\"},\"primaryImageOfPage\":{\"@id\":\"https:\\\/\\\/fruterialaperalimonera.es\\\/#primaryimage\"},\"image\":{\"@id\":\"https:\\\/\\\/fruterialaperalimonera.es\\\/#primaryimage\"},\"thumbnailUrl\":\"https:\\\/\\\/fruterialaperalimonera.es\\\/wp-content\\\/uploads\\\/2026\\\/01\\\/4778096.jpg\",\"datePublished\":\"2026-01-20T14:13:57+00:00\",\"dateModified\":\"2026-01-21T11:11:24+00:00\",\"breadcrumb\":{\"@id\":\"https:\\\/\\\/fruterialaperalimonera.es\\\/#breadcrumb\"},\"inLanguage\":\"en-GB\",\"potentialAction\":[{\"@type\":\"ReadAction\",\"target\":[\"https:\\\/\\\/fruterialaperalimonera.es\\\/\"]}]},{\"@type\":\"ImageObject\",\"inLanguage\":\"en-GB\",\"@id\":\"https:\\\/\\\/fruterialaperalimonera.es\\\/#primaryimage\",\"url\":\"https:\\\/\\\/fruterialaperalimonera.es\\\/wp-content\\\/uploads\\\/2026\\\/01\\\/4778096.jpg\",\"contentUrl\":\"https:\\\/\\\/fruterialaperalimonera.es\\\/wp-content\\\/uploads\\\/2026\\\/01\\\/4778096.jpg\"},{\"@type\":\"BreadcrumbList\",\"@id\":\"https:\\\/\\\/fruterialaperalimonera.es\\\/#breadcrumb\",\"itemListElement\":[{\"@type\":\"ListItem\",\"position\":1,\"name\":\"Portada\",\"item\":\"https:\\\/\\\/fruterialaperalimonera.es\\\/\"},{\"@type\":\"ListItem\",\"position\":2,\"name\":\"Inicio\"}]},{\"@type\":\"WebSite\",\"@id\":\"https:\\\/\\\/fruterialaperalimonera.es\\\/#website\",\"url\":\"https:\\\/\\\/fruterialaperalimonera.es\\\/\",\"name\":\"Fruteria la Pera Limonera\",\"description\":\"\",\"publisher\":{\"@id\":\"https:\\\/\\\/fruterialaperalimonera.es\\\/#organization\"},\"potentialAction\":[{\"@type\":\"SearchAction\",\"target\":{\"@type\":\"EntryPoint\",\"urlTemplate\":\"https:\\\/\\\/fruterialaperalimonera.es\\\/?s={search_term_string}\"},\"query-input\":{\"@type\":\"PropertyValueSpecification\",\"valueRequired\":true,\"valueName\":\"search_term_string\"}}],\"inLanguage\":\"en-GB\"},{\"@type\":\"Organization\",\"@id\":\"https:\\\/\\\/fruterialaperalimonera.es\\\/#organization\",\"name\":\"Fruteria la Pera Limonera\",\"url\":\"https:\\\/\\\/fruterialaperalimonera.es\\\/\",\"logo\":{\"@type\":\"ImageObject\",\"inLanguage\":\"en-GB\",\"@id\":\"https:\\\/\\\/fruterialaperalimonera.es\\\/#\\\/schema\\\/logo\\\/image\\\/\",\"url\":\"https:\\\/\\\/fruterialaperalimonera.es\\\/wp-content\\\/uploads\\\/2026\\\/01\\\/cropped-fruteriaperalimonera202510_logo_web.png\",\"contentUrl\":\"https:\\\/\\\/fruterialaperalimonera.es\\\/wp-content\\\/uploads\\\/2026\\\/01\\\/cropped-fruteriaperalimonera202510_logo_web.png\",\"width\":1080,\"height\":1080,\"caption\":\"Fruteria la Pera Limonera\"},\"image\":{\"@id\":\"https:\\\/\\\/fruterialaperalimonera.es\\\/#\\\/schema\\\/logo\\\/image\\\/\"}}]}<\/script>\n<!-- \/ Yoast SEO plugin. -->","yoast_head_json":{"title":"Inicio - Fruteria la Pera Limonera","robots":{"index":"index","follow":"follow","max-snippet":"max-snippet:-1","max-image-preview":"max-image-preview:large","max-video-preview":"max-video-preview:-1"},"canonical":"https:\/\/fruterialaperalimonera.es\/en\/","og_locale":"en_GB","og_type":"article","og_title":"Inicio - Fruteria la Pera Limonera","og_description":"Fruta y verdura fresca Sobre Nosotros Fruter\u00eda La Pera Limonera naci\u00f3 en 2017 como un peque\u00f1o comercio de barrio en Collado Villalba con una idea sencilla pero poderosa: ofrecer fruta y verdura fresca de calidad, seleccionada cada d\u00eda con cuidado y con un trato cercano. Con el tiempo, el negocio fue creciendo no solo en [&hellip;]","og_url":"https:\/\/fruterialaperalimonera.es\/en\/","og_site_name":"Fruteria la Pera Limonera","article_modified_time":"2026-01-21T11:11:24+00:00","og_image":[{"url":"https:\/\/fruterialaperalimonera.es\/wp-content\/uploads\/2026\/01\/4778096.jpg","type":"","width":"","height":""}],"twitter_card":"summary_large_image","twitter_misc":{"Estimated reading time":"1 minute"},"schema":{"@context":"https:\/\/schema.org","@graph":[{"@type":"WebPage","@id":"https:\/\/fruterialaperalimonera.es\/","url":"https:\/\/fruterialaperalimonera.es\/","name":"Inicio - Fruteria la Pera Limonera","isPartOf":{"@id":"https:\/\/fruterialaperalimonera.es\/#website"},"primaryImageOfPage":{"@id":"https:\/\/fruterialaperalimonera.es\/#primaryimage"},"image":{"@id":"https:\/\/fruterialaperalimonera.es\/#primaryimage"},"thumbnailUrl":"https:\/\/fruterialaperalimonera.es\/wp-content\/uploads\/2026\/01\/4778096.jpg","datePublished":"2026-01-20T14:13:57+00:00","dateModified":"2026-01-21T11:11:24+00:00","breadcrumb":{"@id":"https:\/\/fruterialaperalimonera.es\/#breadcrumb"},"inLanguage":"en-GB","potentialAction":[{"@type":"ReadAction","target":["https:\/\/fruterialaperalimonera.es\/"]}]},{"@type":"ImageObject","inLanguage":"en-GB","@id":"https:\/\/fruterialaperalimonera.es\/#primaryimage","url":"https:\/\/fruterialaperalimonera.es\/wp-content\/uploads\/2026\/01\/4778096.jpg","contentUrl":"https:\/\/fruterialaperalimonera.es\/wp-content\/uploads\/2026\/01\/4778096.jpg"},{"@type":"BreadcrumbList","@id":"https:\/\/fruterialaperalimonera.es\/#breadcrumb","itemListElement":[{"@type":"ListItem","position":1,"name":"Portada","item":"https:\/\/fruterialaperalimonera.es\/"},{"@type":"ListItem","position":2,"name":"Inicio"}]},{"@type":"WebSite","@id":"https:\/\/fruterialaperalimonera.es\/#website","url":"https:\/\/fruterialaperalimonera.es\/","name":"Fruteria la Pera Limonera","description":"","publisher":{"@id":"https:\/\/fruterialaperalimonera.es\/#organization"},"potentialAction":[{"@type":"SearchAction","target":{"@type":"EntryPoint","urlTemplate":"https:\/\/fruterialaperalimonera.es\/?s={search_term_string}"},"query-input":{"@type":"PropertyValueSpecification","valueRequired":true,"valueName":"search_term_string"}}],"inLanguage":"en-GB"},{"@type":"Organization","@id":"https:\/\/fruterialaperalimonera.es\/#organization","name":"Fruteria la Pera Limonera","url":"https:\/\/fruterialaperalimonera.es\/","logo":{"@type":"ImageObject","inLanguage":"en-GB","@id":"https:\/\/fruterialaperalimonera.es\/#\/schema\/logo\/image\/","url":"https:\/\/fruterialaperalimonera.es\/wp-content\/uploads\/2026\/01\/cropped-fruteriaperalimonera202510_logo_web.png","contentUrl":"https:\/\/fruterialaperalimonera.es\/wp-content\/uploads\/2026\/01\/cropped-fruteriaperalimonera202510_logo_web.png","width":1080,"height":1080,"caption":"Fruteria la Pera Limonera"},"image":{"@id":"https:\/\/fruterialaperalimonera.es\/#\/schema\/logo\/image\/"}}]}},"_links":{"self":[{"href":"https:\/\/fruterialaperalimonera.es\/en\/wp-json\/wp\/v2\/pages\/2","targetHints":{"allow":["GET"]}}],"collection":[{"href":"https:\/\/fruterialaperalimonera.es\/en\/wp-json\/wp\/v2\/pages"}],"about":[{"href":"https:\/\/fruterialaperalimonera.es\/en\/wp-json\/wp\/v2\/types\/page"}],"author":[{"embeddable":true,"href":"https:\/\/fruterialaperalimonera.es\/en\/wp-json\/wp\/v2\/users\/1"}],"replies":[{"embeddable":true,"href":"https:\/\/fruterialaperalimonera.es\/en\/wp-json\/wp\/v2\/comments?post=2"}],"version-history":[{"count":58,"href":"https:\/\/fruterialaperalimonera.es\/en\/wp-json\/wp\/v2\/pages\/2\/revisions"}],"predecessor-version":[{"id":300,"href":"https:\/\/fruterialaperalimonera.es\/en\/wp-json\/wp\/v2\/pages\/2\/revisions\/300"}],"wp:attachment":[{"href":"https:\/\/fruterialaperalimonera.es\/en\/wp-json\/wp\/v2\/media?parent=2"}],"curies":[{"name":"wp","href":"https:\/\/api.w.org\/{rel}","templated":true}]}}